{"id":408,"date":"2025-02-05T23:24:47","date_gmt":"2025-02-05T23:24:47","guid":{"rendered":"https:\/\/paalae.org\/?page_id=408"},"modified":"2025-02-10T16:55:43","modified_gmt":"2025-02-10T16:55:43","slug":"elementor-page-408","status":"publish","type":"page","link":"https:\/\/paalae.org\/","title":{"rendered":"Accueil"},"content":{"rendered":"\t\t<div data-elementor-type=\"wp-page\" data-elementor-id=\"408\" class=\"elementor elementor-408\" data-elementor-post-type=\"page\">\n\t\t\t\t\t\t<section class=\"elementor-section elementor-top-section elementor-element elementor-element-8abcef1 elementor-section-boxed elementor-section-height-default elementor-section-height-default\" data-id=\"8abcef1\" data-element_type=\"section\" data-e-type=\"section\">\n\t\t\t\t\t\t<div class=\"elementor-container elementor-column-gap-default\">\n\t\t\t\t\t<div class=\"elementor-column elementor-col-100 elementor-top-column elementor-element elementor-element-ce21eac\" data-id=\"ce21eac\" data-element_type=\"column\" data-e-type=\"column\">\n\t\t\t<div class=\"elementor-widget-wrap elementor-element-populated\">\n\t\t\t\t\t\t<section class=\"elementor-section elementor-inner-section elementor-element elementor-element-d2af5c0 elementor-section-boxed elementor-section-height-default elementor-section-height-default\" data-id=\"d2af5c0\" data-element_type=\"section\" data-e-type=\"section\">\n\t\t\t\t\t\t<div class=\"elementor-container elementor-column-gap-default\">\n\t\t\t\t\t<div class=\"elementor-column elementor-col-100 elementor-inner-column elementor-element elementor-element-1437d7b\" data-id=\"1437d7b\" data-element_type=\"column\" data-e-type=\"column\">\n\t\t\t<div class=\"elementor-widget-wrap elementor-element-populated\">\n\t\t\t\t\t\t<div class=\"elementor-element elementor-element-3a768a2 elementor-widget elementor-widget-template\" data-id=\"3a768a2\" data-element_type=\"widget\" data-e-type=\"widget\" data-widget_type=\"template.default\">\n\t\t\t\t<div class=\"elementor-widget-container\">\n\t\t\t\t\t\t\t<div class=\"elementor-template\">\n\t\t\t\t\t<header data-elementor-type=\"header\" data-elementor-id=\"192\" class=\"elementor elementor-192\" data-elementor-post-type=\"elementor_library\">\n\t\t\t\t\t<section class=\"elementor-section elementor-top-section elementor-element elementor-element-1a42d72a elementor-section-boxed elementor-section-height-default elementor-section-height-default\" data-id=\"1a42d72a\" data-element_type=\"section\" data-e-type=\"section\">\n\t\t\t\t\t\t<div class=\"elementor-container elementor-column-gap-default\">\n\t\t\t\t\t<div class=\"elementor-column elementor-col-33 elementor-top-column elementor-element elementor-element-2268bb74\" data-id=\"2268bb74\" data-element_type=\"column\" data-e-type=\"column\">\n\t\t\t<div class=\"elementor-widget-wrap elementor-element-populated\">\n\t\t\t\t\t\t<section class=\"elementor-section elementor-inner-section elementor-element elementor-element-498a754e elementor-section-boxed elementor-section-height-default elementor-section-height-default\" data-id=\"498a754e\" data-element_type=\"section\" data-e-type=\"section\">\n\t\t\t\t\t\t<div class=\"elementor-container elementor-column-gap-default\">\n\t\t\t\t\t<div class=\"elementor-column elementor-col-100 elementor-inner-column elementor-element elementor-element-67297d70\" data-id=\"67297d70\" data-element_type=\"column\" data-e-type=\"column\">\n\t\t\t<div class=\"elementor-widget-wrap elementor-element-populated\">\n\t\t\t\t\t\t<div class=\"elementor-element elementor-element-74bcdebe elementor-widget elementor-widget-theme-site-logo elementor-widget-image\" data-id=\"74bcdebe\" data-element_type=\"widget\" data-e-type=\"widget\" data-widget_type=\"theme-site-logo.default\">\n\t\t\t\t<div class=\"elementor-widget-container\">\n\t\t\t\t\t\t\t\t\t\t\t<a href=\"https:\/\/paalae.org\">\n\t\t\t<img decoding=\"async\" width=\"280\" height=\"78\" src=\"https:\/\/paalae.org\/wp-content\/uploads\/2022\/12\/PAALAE.jpg\" class=\"attachment-full size-full wp-image-30\" alt=\"\" \/>\t\t\t\t<\/a>\n\t\t\t\t\t\t\t\t\t\t\t<\/div>\n\t\t\t\t<\/div>\n\t\t\t\t\t<\/div>\n\t\t<\/div>\n\t\t\t\t\t<\/div>\n\t\t<\/section>\n\t\t\t\t<section class=\"elementor-section elementor-inner-section elementor-element elementor-element-6e02aa22 elementor-section-boxed elementor-section-height-default elementor-section-height-default\" data-id=\"6e02aa22\" data-element_type=\"section\" data-e-type=\"section\">\n\t\t\t\t\t\t<div class=\"elementor-container elementor-column-gap-default\">\n\t\t\t\t\t<div class=\"elementor-column elementor-col-100 elementor-inner-column elementor-element elementor-element-22448ea\" data-id=\"22448ea\" data-element_type=\"column\" data-e-type=\"column\">\n\t\t\t<div class=\"elementor-widget-wrap elementor-element-populated\">\n\t\t\t\t\t\t<div class=\"elementor-element elementor-element-40e237fe elementor-widget elementor-widget-text-editor\" data-id=\"40e237fe\" data-element_type=\"widget\" data-e-type=\"widget\" data-widget_type=\"text-editor.default\">\n\t\t\t\t<div class=\"elementor-widget-container\">\n\t\t\t\t\t\t\t\t\t<p>Eradiquer l&rsquo;analphab\u00e9tisme<\/p>\t\t\t\t\t\t\t\t<\/div>\n\t\t\t\t<\/div>\n\t\t\t\t\t<\/div>\n\t\t<\/div>\n\t\t\t\t\t<\/div>\n\t\t<\/section>\n\t\t\t\t\t<\/div>\n\t\t<\/div>\n\t\t\t\t<div class=\"elementor-column elementor-col-33 elementor-top-column elementor-element elementor-element-1ac93e7d\" data-id=\"1ac93e7d\" data-element_type=\"column\" data-e-type=\"column\">\n\t\t\t<div class=\"elementor-widget-wrap elementor-element-populated\">\n\t\t\t\t\t\t<div class=\"elementor-element elementor-element-6e945e30 elementor-nav-menu--dropdown-tablet elementor-nav-menu__text-align-aside elementor-nav-menu--toggle elementor-nav-menu--burger elementor-widget elementor-widget-nav-menu\" data-id=\"6e945e30\" data-element_type=\"widget\" data-e-type=\"widget\" data-settings=\"{&quot;layout&quot;:&quot;horizontal&quot;,&quot;submenu_icon&quot;:{&quot;value&quot;:&quot;&lt;i class=\\&quot;fas fa-caret-down\\&quot;&gt;&lt;\\\/i&gt;&quot;,&quot;library&quot;:&quot;fa-solid&quot;},&quot;toggle&quot;:&quot;burger&quot;}\" data-widget_type=\"nav-menu.default\">\n\t\t\t\t<div class=\"elementor-widget-container\">\n\t\t\t\t\t\t\t\t<nav aria-label=\"Menu\" class=\"elementor-nav-menu--main elementor-nav-menu__container elementor-nav-menu--layout-horizontal e--pointer-underline e--animation-fade\">\n\t\t\t\t<ul id=\"menu-1-6e945e30\" class=\"elementor-nav-menu\"><li class=\"menu-item menu-item-type-post_type menu-item-object-page menu-item-home menu-item-418\"><a href=\"https:\/\/paalae.org\/\" class=\"elementor-item\">Accueil<\/a><\/li>\n<li class=\"menu-item menu-item-type-post_type menu-item-object-page menu-item-27\"><a href=\"https:\/\/paalae.org\/?page_id=14\" class=\"elementor-item\">Partenariat<\/a><\/li>\n<li class=\"menu-item menu-item-type-post_type menu-item-object-page current_page_parent menu-item-has-children menu-item-52\"><a href=\"https:\/\/paalae.org\/?page_id=51\" class=\"elementor-item\">Activit\u00e9s<\/a>\n<ul class=\"sub-menu elementor-nav-menu--dropdown\">\n\t<li class=\"menu-item menu-item-type-post_type menu-item-object-page menu-item-26\"><a href=\"https:\/\/paalae.org\/?page_id=13\" class=\"elementor-sub-item\">Mouvement social<\/a><\/li>\n\t<li class=\"menu-item menu-item-type-post_type menu-item-object-page menu-item-25\"><a href=\"https:\/\/paalae.org\/?page_id=12\" class=\"elementor-sub-item\">Art &#038; Culture<\/a><\/li>\n\t<li class=\"menu-item menu-item-type-post_type menu-item-object-page menu-item-24\"><a href=\"https:\/\/paalae.org\/?page_id=11\" class=\"elementor-sub-item\">Projets &#038; Programmes<\/a><\/li>\n\t<li class=\"menu-item menu-item-type-post_type menu-item-object-page menu-item-23\"><a href=\"https:\/\/paalae.org\/?page_id=10\" class=\"elementor-sub-item\">Plaidoyer et mobilisation<\/a><\/li>\n<\/ul>\n<\/li>\n<li class=\"menu-item menu-item-type-post_type menu-item-object-page menu-item-28\"><a href=\"https:\/\/paalae.org\/?page_id=15\" class=\"elementor-item\">Forum de discussion<\/a><\/li>\n<\/ul>\t\t\t<\/nav>\n\t\t\t\t\t<div class=\"elementor-menu-toggle\" role=\"button\" tabindex=\"0\" aria-label=\"Permuter le menu\" aria-expanded=\"false\">\n\t\t\t<i aria-hidden=\"true\" role=\"presentation\" class=\"elementor-menu-toggle__icon--open eicon-menu-bar\"><\/i><i aria-hidden=\"true\" role=\"presentation\" class=\"elementor-menu-toggle__icon--close eicon-close\"><\/i>\t\t<\/div>\n\t\t\t\t\t<nav class=\"elementor-nav-menu--dropdown elementor-nav-menu__container\" aria-hidden=\"true\">\n\t\t\t\t<ul id=\"menu-2-6e945e30\" class=\"elementor-nav-menu\"><li class=\"menu-item menu-item-type-post_type menu-item-object-page menu-item-home menu-item-418\"><a href=\"https:\/\/paalae.org\/\" class=\"elementor-item\" tabindex=\"-1\">Accueil<\/a><\/li>\n<li class=\"menu-item menu-item-type-post_type menu-item-object-page menu-item-27\"><a href=\"https:\/\/paalae.org\/?page_id=14\" class=\"elementor-item\" tabindex=\"-1\">Partenariat<\/a><\/li>\n<li class=\"menu-item menu-item-type-post_type menu-item-object-page current_page_parent menu-item-has-children menu-item-52\"><a href=\"https:\/\/paalae.org\/?page_id=51\" class=\"elementor-item\" tabindex=\"-1\">Activit\u00e9s<\/a>\n<ul class=\"sub-menu elementor-nav-menu--dropdown\">\n\t<li class=\"menu-item menu-item-type-post_type menu-item-object-page menu-item-26\"><a href=\"https:\/\/paalae.org\/?page_id=13\" class=\"elementor-sub-item\" tabindex=\"-1\">Mouvement social<\/a><\/li>\n\t<li class=\"menu-item menu-item-type-post_type menu-item-object-page menu-item-25\"><a href=\"https:\/\/paalae.org\/?page_id=12\" class=\"elementor-sub-item\" tabindex=\"-1\">Art &#038; Culture<\/a><\/li>\n\t<li class=\"menu-item menu-item-type-post_type menu-item-object-page menu-item-24\"><a href=\"https:\/\/paalae.org\/?page_id=11\" class=\"elementor-sub-item\" tabindex=\"-1\">Projets &#038; Programmes<\/a><\/li>\n\t<li class=\"menu-item menu-item-type-post_type menu-item-object-page menu-item-23\"><a href=\"https:\/\/paalae.org\/?page_id=10\" class=\"elementor-sub-item\" tabindex=\"-1\">Plaidoyer et mobilisation<\/a><\/li>\n<\/ul>\n<\/li>\n<li class=\"menu-item menu-item-type-post_type menu-item-object-page menu-item-28\"><a href=\"https:\/\/paalae.org\/?page_id=15\" class=\"elementor-item\" tabindex=\"-1\">Forum de discussion<\/a><\/li>\n<\/ul>\t\t\t<\/nav>\n\t\t\t\t\t\t<\/div>\n\t\t\t\t<\/div>\n\t\t\t\t\t<\/div>\n\t\t<\/div>\n\t\t\t\t<div class=\"elementor-column elementor-col-33 elementor-top-column elementor-element elementor-element-7d0b412d\" data-id=\"7d0b412d\" data-element_type=\"column\" data-e-type=\"column\">\n\t\t\t<div class=\"elementor-widget-wrap elementor-element-populated\">\n\t\t\t\t\t\t<div class=\"elementor-element elementor-element-3a1225a1 elementor-widget elementor-widget-image\" data-id=\"3a1225a1\" data-element_type=\"widget\" data-e-type=\"widget\" data-widget_type=\"image.default\">\n\t\t\t\t<div class=\"elementor-widget-container\">\n\t\t\t\t\t\t\t\t\t\t\t\t\t\t\t<img decoding=\"async\" width=\"219\" height=\"80\" src=\"https:\/\/paalae.org\/wp-content\/uploads\/2025\/01\/logo-anafa-1.png\" class=\"attachment-large size-large wp-image-182\" alt=\"\" \/>\t\t\t\t\t\t\t\t\t\t\t\t\t\t\t<\/div>\n\t\t\t\t<\/div>\n\t\t\t\t\t<\/div>\n\t\t<\/div>\n\t\t\t\t\t<\/div>\n\t\t<\/section>\n\t\t\t\t<\/header>\n\t\t\t\t<\/div>\n\t\t\t\t\t\t<\/div>\n\t\t\t\t<\/div>\n\t\t\t\t\t<\/div>\n\t\t<\/div>\n\t\t\t\t\t<\/div>\n\t\t<\/section>\n\t\t\t\t\t<\/div>\n\t\t<\/div>\n\t\t\t\t\t<\/div>\n\t\t<\/section>\n\t\t\t\t<section class=\"elementor-section elementor-top-section elementor-element elementor-element-ac0a9b9 elementor-section-boxed elementor-section-height-default elementor-section-height-default\" data-id=\"ac0a9b9\" data-element_type=\"section\" data-e-type=\"section\">\n\t\t\t\t\t\t<div class=\"elementor-container elementor-column-gap-default\">\n\t\t\t\t\t<div class=\"elementor-column elementor-col-100 elementor-top-column elementor-element elementor-element-e20e8d5\" data-id=\"e20e8d5\" data-element_type=\"column\" data-e-type=\"column\">\n\t\t\t<div class=\"elementor-widget-wrap elementor-element-populated\">\n\t\t\t\t\t\t<div class=\"elementor-element elementor-element-a649d55 elementor-widget elementor-widget-heading\" data-id=\"a649d55\" data-element_type=\"widget\" data-e-type=\"widget\" data-widget_type=\"heading.default\">\n\t\t\t\t<div class=\"elementor-widget-container\">\n\t\t\t\t\t<h2 class=\"elementor-heading-title elementor-size-default\">Bienvenue sur le site de la PAALAE<\/h2>\t\t\t\t<\/div>\n\t\t\t\t<\/div>\n\t\t\t\t\t<\/div>\n\t\t<\/div>\n\t\t\t\t\t<\/div>\n\t\t<\/section>\n\t\t\t\t<section class=\"elementor-section elementor-top-section elementor-element elementor-element-398fa7c elementor-section-boxed elementor-section-height-default elementor-section-height-default\" data-id=\"398fa7c\" data-element_type=\"section\" data-e-type=\"section\">\n\t\t\t\t\t\t<div class=\"elementor-container elementor-column-gap-default\">\n\t\t\t\t\t<div class=\"elementor-column elementor-col-50 elementor-top-column elementor-element elementor-element-74690c2\" data-id=\"74690c2\" data-element_type=\"column\" data-e-type=\"column\">\n\t\t\t<div class=\"elementor-widget-wrap elementor-element-populated\">\n\t\t\t\t\t\t<div class=\"elementor-element elementor-element-fa408d6 elementor-widget elementor-widget-image\" data-id=\"fa408d6\" data-element_type=\"widget\" data-e-type=\"widget\" data-widget_type=\"image.default\">\n\t\t\t\t<div class=\"elementor-widget-container\">\n\t\t\t\t\t\t\t\t\t\t\t\t\t\t\t<img fetchpriority=\"high\" decoding=\"async\" width=\"538\" height=\"472\" src=\"https:\/\/paalae.org\/wp-content\/uploads\/2025\/02\/Buuba-colloque.jpg\" class=\"attachment-large size-large wp-image-467\" alt=\"\" srcset=\"https:\/\/paalae.org\/wp-content\/uploads\/2025\/02\/Buuba-colloque.jpg 538w, https:\/\/paalae.org\/wp-content\/uploads\/2025\/02\/Buuba-colloque-300x263.jpg 300w\" sizes=\"(max-width: 538px) 100vw, 538px\" \/>\t\t\t\t\t\t\t\t\t\t\t\t\t\t\t<\/div>\n\t\t\t\t<\/div>\n\t\t\t\t\t<\/div>\n\t\t<\/div>\n\t\t\t\t<div class=\"elementor-column elementor-col-50 elementor-top-column elementor-element elementor-element-e44f4cd\" data-id=\"e44f4cd\" data-element_type=\"column\" data-e-type=\"column\">\n\t\t\t<div class=\"elementor-widget-wrap elementor-element-populated\">\n\t\t\t\t\t\t<div class=\"elementor-element elementor-element-573dcc9 elementor-widget elementor-widget-text-editor\" data-id=\"573dcc9\" data-element_type=\"widget\" data-e-type=\"widget\" data-widget_type=\"text-editor.default\">\n\t\t\t\t<div class=\"elementor-widget-container\">\n\t\t\t\t\t\t\t\t\t<p>La PAALAE (Pan African Association for Literacy and Adults Education) comme son anc\u00eatre AALAE (African Association for Literacy and Adult Education) a pour objectifs\u00a0:<\/p><ul><li>Eradiquer l\u2019analphab\u00e9tisme en Afrique<\/li><li>Promouvoir le dialogue des syst\u00e8mes et des genres en l\u2019\u00e9ducation<\/li><li>Cultiver la paix et la solidarit\u00e9<\/li><li>Cr\u00e9er des passerelles entre l\u2019Education formelle, l&rsquo;Education non formelle et l&rsquo;Education informelle<\/li><\/ul><p>Elle a fait de l\u2019unit\u00e9 des \u00e9ducateurs africains sa raison d\u2019\u00eatre.<\/p><p>Elle est h\u00e9riti\u00e8re des associations d\u2019\u00e9ducation des adultes en Afrique dans des espaces arabophones, anglophones et francophones depuis les ann\u00e9es 40, AALAE a pris le relais dans les ann\u00e9es 80-90.<\/p><p>Elle est n\u00e9e en 2000 \u00e0 Dakar et reconnue (r\u00e9c\u00e9piss\u00e9 et images).<\/p><ul><li>Sa vision est d\u2019\u00e9radiquer l\u2019analphab\u00e9tisme en Afrique c\u2019est pourquoi elle se veut \u00eatre une plateforme de r\u00e9f\u00e9rence qui f\u00e9d\u00e8re les diff\u00e9rentes organisations et initiatives qui \u0153uvrent pour cet objectif.<\/li><li>Sa mission est d\u2019accompagner les organisations locales africaines et panafricaines mettent en \u0153uvre des initiatives de d\u00e9veloppement des populations en renfor\u00e7ant leurs capacit\u00e9s par l\u2019alphab\u00e9tisation fonctionnelle, l\u2019\u00e9ducation des adultes et des jeunes, futurs adultes, la promotion des langues endog\u00e8nes et\/ou maternelles, la d\u00e9fense des droits des communaut\u00e9s et la cr\u00e9ation de moyens d\u2019existence durables. La promotion de l\u2019\u00e9quit\u00e9, de l\u2019\u00e9galit\u00e9 des genres et la gestion rationnelle de l\u2019environnement sont parmi ses priorit\u00e9s.<\/li><li>Son projet est d\u2019organiser un r\u00e9seau de riposte \u00e9ducative et lib\u00e9ratrice des initiatives de d\u00e9veloppement durable en Afrique et dans le monde.<\/li><\/ul><p>Les actions en cours et\/ou en \u00e9laboration<\/p><ul><li>Le sanctuaire arboricole de Sangh\u00e9 (description, \u2026)<\/li><li>Education Humaine en Inde<\/li><li>\u2026<\/li><\/ul><ul><li style=\"list-style-type: none;\">\u00a0<\/li><\/ul>\t\t\t\t\t\t\t\t<\/div>\n\t\t\t\t<\/div>\n\t\t\t\t\t<\/div>\n\t\t<\/div>\n\t\t\t\t\t<\/div>\n\t\t<\/section>\n\t\t\t\t<section class=\"elementor-section elementor-top-section elementor-element elementor-element-22c3fd1 elementor-section-boxed elementor-section-height-default elementor-section-height-default\" data-id=\"22c3fd1\" data-element_type=\"section\" data-e-type=\"section\">\n\t\t\t\t\t\t<div class=\"elementor-container elementor-column-gap-default\">\n\t\t\t\t\t<div class=\"elementor-column elementor-col-100 elementor-top-column elementor-element elementor-element-1d56540\" data-id=\"1d56540\" data-element_type=\"column\" data-e-type=\"column\">\n\t\t\t<div class=\"elementor-widget-wrap\">\n\t\t\t\t\t\t\t<\/div>\n\t\t<\/div>\n\t\t\t\t\t<\/div>\n\t\t<\/section>\n\t\t\t\t<section class=\"elementor-section elementor-top-section elementor-element elementor-element-1f4f44c elementor-section-boxed elementor-section-height-default elementor-section-height-default\" data-id=\"1f4f44c\" data-element_type=\"section\" data-e-type=\"section\">\n\t\t\t\t\t\t<div class=\"elementor-container elementor-column-gap-default\">\n\t\t\t\t\t<div class=\"elementor-column elementor-col-100 elementor-top-column elementor-element elementor-element-87d33af\" data-id=\"87d33af\" data-element_type=\"column\" data-e-type=\"column\">\n\t\t\t<div class=\"elementor-widget-wrap elementor-element-populated\">\n\t\t\t\t\t\t<div class=\"elementor-element elementor-element-e9d8473 elementor-widget elementor-widget-template\" data-id=\"e9d8473\" data-element_type=\"widget\" data-e-type=\"widget\" data-widget_type=\"template.default\">\n\t\t\t\t<div class=\"elementor-widget-container\">\n\t\t\t\t\t\t\t<div class=\"elementor-template\">\n\t\t\t\t\t<div data-elementor-type=\"footer\" data-elementor-id=\"120\" class=\"elementor elementor-120\" data-elementor-post-type=\"elementor_library\">\n\t\t\t\t\t<section class=\"elementor-section elementor-top-section elementor-element elementor-element-6a6a0e4 elementor-section-boxed elementor-section-height-default elementor-section-height-default\" data-id=\"6a6a0e4\" data-element_type=\"section\" data-e-type=\"section\">\n\t\t\t\t\t\t<div class=\"elementor-container elementor-column-gap-default\">\n\t\t\t\t\t<div class=\"elementor-column elementor-col-100 elementor-top-column elementor-element elementor-element-ca1c5ac\" data-id=\"ca1c5ac\" data-element_type=\"column\" data-e-type=\"column\">\n\t\t\t<div class=\"elementor-widget-wrap elementor-element-populated\">\n\t\t\t\t\t\t<div class=\"elementor-element elementor-element-bba683c elementor-widget-divider--view-line elementor-widget elementor-widget-divider\" data-id=\"bba683c\" data-element_type=\"widget\" data-e-type=\"widget\" data-widget_type=\"divider.default\">\n\t\t\t\t<div class=\"elementor-widget-container\">\n\t\t\t\t\t\t\t<div class=\"elementor-divider\">\n\t\t\t<span class=\"elementor-divider-separator\">\n\t\t\t\t\t\t<\/span>\n\t\t<\/div>\n\t\t\t\t\t\t<\/div>\n\t\t\t\t<\/div>\n\t\t\t\t\t<\/div>\n\t\t<\/div>\n\t\t\t\t\t<\/div>\n\t\t<\/section>\n\t\t\t\t<section class=\"elementor-section elementor-top-section elementor-element elementor-element-02d270e elementor-section-boxed elementor-section-height-default elementor-section-height-default\" data-id=\"02d270e\" data-element_type=\"section\" data-e-type=\"section\">\n\t\t\t\t\t\t<div class=\"elementor-container elementor-column-gap-default\">\n\t\t\t\t\t<div class=\"elementor-column elementor-col-100 elementor-top-column elementor-element elementor-element-25257b0\" data-id=\"25257b0\" data-element_type=\"column\" data-e-type=\"column\">\n\t\t\t<div class=\"elementor-widget-wrap elementor-element-populated\">\n\t\t\t\t\t\t<section class=\"elementor-section elementor-inner-section elementor-element elementor-element-1872fa3 elementor-section-boxed elementor-section-height-default elementor-section-height-default\" data-id=\"1872fa3\" data-element_type=\"section\" data-e-type=\"section\">\n\t\t\t\t\t\t<div class=\"elementor-container elementor-column-gap-default\">\n\t\t\t\t\t<div class=\"elementor-column elementor-col-100 elementor-inner-column elementor-element elementor-element-cd246de\" data-id=\"cd246de\" data-element_type=\"column\" data-e-type=\"column\">\n\t\t\t<div class=\"elementor-widget-wrap elementor-element-populated\">\n\t\t\t\t\t\t<div class=\"elementor-element elementor-element-606000d elementor-widget elementor-widget-text-editor\" data-id=\"606000d\" data-element_type=\"widget\" data-e-type=\"widget\" data-widget_type=\"text-editor.default\">\n\t\t\t\t<div class=\"elementor-widget-container\">\n\t\t\t\t\t\t\t\t\t<p><em>Pan Africain Association for literacy\u00a0\u00a0 and Adult Education<\/em><\/p><p><em>Association Pan Africaine\u00a0 pour l&rsquo;Alphab\u00e9tisation et l&rsquo;Education des adultes<\/em><\/p><p>Tel : 00 221 77 644 41 62 &#8211; Email : paalaeducation@gmail.com<\/p><p>\u00a0 Centre Amadou Malick Gaye Ex centre de Bopp\u00a0 BP 10 358, Dakar Libert\u00e9 \u2013 S\u00e9n\u00e9gal<\/p>\t\t\t\t\t\t\t\t<\/div>\n\t\t\t\t<\/div>\n\t\t\t\t\t<\/div>\n\t\t<\/div>\n\t\t\t\t\t<\/div>\n\t\t<\/section>\n\t\t\t\t\t<\/div>\n\t\t<\/div>\n\t\t\t\t\t<\/div>\n\t\t<\/section>\n\t\t\t\t<\/div>\n\t\t\t\t<\/div>\n\t\t\t\t\t\t<\/div>\n\t\t\t\t<\/div>\n\t\t\t\t\t<\/div>\n\t\t<\/div>\n\t\t\t\t\t<\/div>\n\t\t<\/section>\n\t\t\t\t<\/div>\n\t\t","protected":false},"excerpt":{"rendered":"<p>Bienvenue sur le site de la PAALAE La PAALAE (Pan African Association for Literacy and Adults Education) comme son anc\u00eatre AALAE (African Association for Literacy and Adult Education) a pour objectifs\u00a0: Eradiquer l\u2019analphab\u00e9tisme en Afrique Promouvoir le dialogue des syst\u00e8mes et des genres en l\u2019\u00e9ducation Cultiver la paix et la solidarit\u00e9 Cr\u00e9er des passerelles entre [&hellip;]<\/p>\n","protected":false},"author":1,"featured_media":0,"parent":0,"menu_order":0,"comment_status":"closed","ping_status":"closed","template":"","meta":{"footnotes":""},"class_list":["post-408","page","type-page","status-publish","hentry"],"_links":{"self":[{"href":"https:\/\/paalae.org\/index.php?rest_route=\/wp\/v2\/pages\/408","targetHints":{"allow":["GET"]}}],"collection":[{"href":"https:\/\/paalae.org\/index.php?rest_route=\/wp\/v2\/pages"}],"about":[{"href":"https:\/\/paalae.org\/index.php?rest_route=\/wp\/v2\/types\/page"}],"author":[{"embeddable":true,"href":"https:\/\/paalae.org\/index.php?rest_route=\/wp\/v2\/users\/1"}],"replies":[{"embeddable":true,"href":"https:\/\/paalae.org\/index.php?rest_route=%2Fwp%2Fv2%2Fcomments&post=408"}],"version-history":[{"count":35,"href":"https:\/\/paalae.org\/index.php?rest_route=\/wp\/v2\/pages\/408\/revisions"}],"predecessor-version":[{"id":474,"href":"https:\/\/paalae.org\/index.php?rest_route=\/wp\/v2\/pages\/408\/revisions\/474"}],"wp:attachment":[{"href":"https:\/\/paalae.org\/index.php?rest_route=%2Fwp%2Fv2%2Fmedia&parent=408"}],"curies":[{"name":"wp","href":"https:\/\/api.w.org\/{rel}","templated":true}]}}